{"id":15,"date":"2019-12-09T20:06:04","date_gmt":"2019-12-09T19:06:04","guid":{"rendered":"https:\/\/www.baumunion.de\/?page_id=15"},"modified":"2026-04-22T14:02:13","modified_gmt":"2026-04-22T12:02:13","slug":"mesmerize","status":"publish","type":"page","link":"https:\/\/www.baumunion.de\/","title":{"rendered":"Home"},"content":{"rendered":"<div  id=\"overlappable-4\" style=\"background-color: #ffffff;\" data-label=\"Overlappable\" data-id=\"overlappable-4\" data-export-id=\"overlappable-4\" data-category=\"overlappable\" class=\"overlappable-4 content-section content-section-spacing\" data-overlap=\"true\"><div  class=\"gridContainer\"> <div  data-type=\"row\" class=\"row spaced-cols text-center\"><div  class=\"col-xs-12 col-sm-4 col-padding\"> <i  class=\"fa icon shadow-large-black aligncenter color1 fa-truck reverse round large\"><\/i> <div  data-type=\"column\" class=\"\"> <h5  class=\"\">BAUFELDBER\u00c4UMUNG<\/h5> <\/div> <\/div> <div  class=\"col-xs-12 col-sm-4 col-padding\"> <i  class=\"fa icon shadow-large-black aligncenter color1 fa-tree reverse round large\"><\/i> <div  data-type=\"column\" class=\"\"><h5  class=\"\">PFLEGEN, F\u00c4LLEN, RODEN<\/h5> <\/div> <\/div> <div  class=\"col-xs-12 col-sm-4 col-padding\"> <i  class=\"fa icon shadow-large-black aligncenter color1 fa-plug reverse round large\"><\/i> <div  data-type=\"column\" class=\"\"><h5  class=\"\">Holzaufarbeitung zur Energiegewinnung<\/h5> <\/div> <\/div><\/div> <\/div><\/div><div  data-label=\"Stellenausschreibung\" data-id=\"features--1\" data-export-id=\"features-13-card-bordered\" data-category=\"features\" class=\"features-13 content-section content-section-spacing\" id=\"stellenausschreibung\" style=\"background-color: rgb(245, 250, 253); background-image: none;\"><div  class=\"gridContainer\"> <div  class=\"row text-center\"><div  class=\"section-title-col\" data-type=\"column\"> <h2  class=\"\">Bewirb dich jetzt bei uns!!!<\/h2> <p  class=\"lead\">Faire Bezahlung inklusive \u00dcberstunden, 30 Tage Jahresurlaub, tolle Kollegen und eine abwechslungsreiche Arbeit erwarten dich bei uns. Bewirb dich gleich HEUTE \u2014 personal@baumunion.de<\/p><\/div> <\/div> <div  class=\"row spaced-cols content-center-sm\" data-type=\"row\"> <div  class=\"col-sm-4\"> <div  class=\"card bordered y-move\" data-type=\"column\"> <i  class=\"fa icon color1 fa-tree reverse round big\"><\/i> <h4  class=\"\">Garten- Landschaftsbau<\/h4> <p  class=\"\">Baumpfleger\/ Kletterer\n<br >Baumkontrolleure\n<br >Tiefbauer<\/p> <\/div> <\/div> <div  class=\"col-sm-4\"> <div  class=\"card bordered y-move\" data-type=\"column\"> <i  class=\"fa icon color1 fa-truck reverse round big\"><\/i> <h4  class=\"\">Fahrer und Maschinisten<\/h4> <p  class=\"\">LKW- Fahrer C, CE\n<br >im Werksverkehr\n<br >Maschinisten f\u00fcr\n<br >Bagger- Mobil und Kette\n<br >Radlader, M\u00e4hraupen usw.<\/p> <\/div> <\/div> <div  class=\"col-sm-4\"> <div  class=\"card bordered y-move\" data-type=\"column\"> <i  class=\"fa icon color1 fa-wrench reverse round big\"><\/i> <h4  class=\"\">Werkstatt<\/h4> <p  class=\"\">KFZ bzw. LKW- Schlosser\n<br >Maschinenschlosser<br >Schlosser mit Schwei\u00dferfahrung<\/p> <\/div> <\/div><\/div> <\/div><\/div><div  data-label=\"EPS\" data-id=\"about--5\" data-export-id=\"about-10\" data-category=\"about\" class=\"about-10 content-section content-section-spacing\" id=\"eps\" style=\"background-color: rgb(255, 255, 255); background-image: none;\"><div  class=\"gridContainer\"> <div  class=\"row middle-sm text-center\"><div  class=\"col-sm-5 space-bottom-xs content-column\" data-type=\"column\"> <h5  class=\"\">Sch\u00e4dlingsbek\u00e4mpfung<\/h5> <h2  class=\"\">Bek\u00e4mpfung des&nbsp;<br ><span  style=\"font-family: Playfair Display,sans-serif; font-weight: 700; font-style: italic;\" href=\"#\">Eichenprozessionsspinner<\/span>&nbsp;Jetzt reagieren!!!<\/h2> <p  class=\"\">Auf  Grund  der  Vielzahl  von  Anfragen  im  Rahmen  der  Bek\u00e4mpfung  des Eichenprozessionsspinners  t\u00e4tig  zu  werden,  hat  die Baum Union Magdeburg GmbH in neue Technologien und in die Qualifizierung Ihrer Mitarbeiter investiert. Auf  Grund  der  Vielzahl  von  Anfragen  im  Rahmen  der  Bek\u00e4mpfung  des <br >Eichenprozessionsspinners  t\u00e4tig  zu  werden, haben wir in neue Technologien und in die Qualifizierung unserer Mitarbeiter investiert.<\/p> <\/div> <div  class=\"col-sm-7 flexbox middle-xs center-xs space-bottom-xs\"><div  class=\"overlay-box middle-xs center-xs flexbox\"> <div  class=\"overlay-box-offset offset-border shadow-medium border-color1 hide-xs\"><\/div> <img  decoding=\"async\" class=\"shadow-large\" data-size=\"485x705\" src=\"https:\/\/www.baumunion.de\/wp-content\/uploads\/2025\/04\/cropped-EPS_BU.png\" title=\"cropped-EPS_BU.png\" alt=\"\"><\/div> <\/div><\/div> <\/div><\/div><div  data-label=\"UBB\" data-id=\"content--1\" data-export-id=\"content-2\" data-category=\"content\" class=\"content-2 content-section content-section-spacing\" id=\"ubb\" style=\"background-color: rgb(245, 250, 253);\"><div > <div  class=\"row middle-xs\"><div  class=\"col-sm-5 bg-image shadow-large-black\" data-bg=\"image\" style=\"background-image: url(&quot;https:\/\/www.baumunion.de\/wp-content\/uploads\/2025\/06\/cropped-siluette_bau.png&quot;);\"><\/div> <div  class=\"col-sm-7 full-col-left-padding full-col-right-padding\"> <div  class=\"row\"> <div  data-type=\"column\" class=\"space-bottom-small content-title-col\"> <h5  class=\"\">\u00f6kologische Umweltbaubegleitung<\/h5> <h2  class=\"\">F\u00fcr eine nachhaltige Zukunft<\/h2> <p  class=\"\">Die Anforderungen an moderne Bauprojekte wachsen \u2013 nicht nur technisch, sondern auch \u00f6kologisch. Immer mehr Auftraggeber legen Wert auf eine umweltvertr\u00e4gliche und gesetzeskonforme Umsetzung ihrer Vorhaben. Genau hier setzen wir an.Die Anforderungen an moderne Bauprojekte wachsen \u2013 nicht nur technisch, sondern auch \u00f6kologisch. Immer mehr Auftraggeber legen Wert auf eine umweltvertr\u00e4gliche und gesetzeskonforme Umsetzung ihrer Vorhaben. Genau hier setzen wir an.<\/p><p  class=\"\">Was Sie von uns erwarten k\u00f6nnen:<\/p><\/div> <\/div> <div  class=\"row spaced-cols \" data-type=\"row\"> <div  class=\"col-xs-6\" data-type=\"column\">  <p  class=\"\">Fachlich fundierte Begleitung Ihres Bauprojekts auf Grund unserer umfangreicher Erfahrungen auf dem Gebiet naturrechtlicher Belange&nbsp;<\/p><\/div> <div  class=\"col-xs-6\" data-type=\"column\"> <p  class=\"\">&nbsp;Wirtschaftliche und Nachhaltige L\u00f6sungen, angepasst an den gesetzlichen Vorgaben und den Zielen des Projektes<\/p><\/div> <div  class=\"col-xs-6\" data-type=\"column\"> <p  class=\"\">Fr\u00fchzeitige Risikoanalyse und praxisnahe Empfehlungen<\/p><\/div> <div  class=\"col-xs-6\" data-type=\"column\"> <p  class=\"\">Klare Kommunikation und enge Abstimmung mit Beh\u00f6rden und Projektbeteiligten<\/p><\/div> <\/div><\/div> <\/div><\/div> <\/div><div  data-label=\"Baumprofis\" data-id=\"about--1\" data-export-id=\"about-images-right-section\" data-category=\"about\" class=\"about-images-right-section content-section content-section-spacing\" id=\"baumprofis\" style=\"background-color: rgb(255, 255, 255); background-image: none;\"><div  class=\"gridContainer\"> <div  class=\"row middle-sm text-center\"><div  class=\"col-sm-5 content-left-sm\" data-type=\"column\"> <h5  class=\"\">Rund um den Baum<\/h5> <h2  class=\"\">Die Baumprofis <br > <span  style=\"font-family: Playfair Display,sans-serif; font-weight: 700; font-style: italic;\" href=\"#\">Pflegen | F\u00e4llen | Roden<\/span><\/h2> <p  class=\"\">Wir stehen f\u00fcr Rund um den Baum- von der Wurzel bis zur Spitze. Vom Lichtraumprofil an Stra\u00dfenb\u00e4umen, Entwicklungspflege und Verkehrssicherheit, \u00fcber das F\u00e4llen von Problemb\u00e4umen- hier auch in exponierten Hanglagen bis zum Baumkataster f\u00fcr St\u00e4dte und Gemeinden. Ebenfalls haben wir uns auf die Aufarbeitung von Stammholz und Wurzeln spezialisiert. Die daraus entstehenden Hackschnitzel werden dann als Fallschutz f\u00fcr Spielpl\u00e4tze verwendet oder der thermischen Verwertung zugef\u00fchrt.<\/p> <\/div> <div  class=\"col-sm-7 space-bottom-xs\"><div  class=\"image-group-side-3-img\"> <img  decoding=\"async\" class=\"topimg shadow-large\" src=\"https:\/\/www.baumunion.de\/wp-content\/uploads\/2024\/11\/cropped-140A3602-scaled-2.jpg\" alt=\"\" title=\"140A3602\"> <img  decoding=\"async\" class=\"rightimg shadow-large\" src=\"https:\/\/www.baumunion.de\/wp-content\/uploads\/2021\/03\/cropped-cropped-Radlader.png\" alt=\"\" title=\"cropped-cropped-Radlader.png\"> <div  class=\"leftimg\"> <a  data-cp-link=\"1\" href=\"#\" target=\"_self\" rel=\"noopener\"><img  decoding=\"async\" class=\"shadow-large\" src=\"https:\/\/www.baumunion.de\/wp-content\/uploads\/2024\/02\/cropped-IMG_20230917_165955-scaled-1.jpg\" alt=\"\" title=\"Baum Union\"><\/a><\/div> <\/div><\/div> <\/div><\/div> <\/div><div  data-label=\"Nassansaat\" data-id=\"about--4\" data-export-id=\"about-4\" data-category=\"about\" class=\"about-4 content-section content-section-spacing\" id=\"nassansaat\" style=\"background-color: rgb(245, 250, 253); background-image: none;\"><div  class=\"gridContainer\"> <div  class=\"row middle-sm text-center\"><div  class=\"col-sm-5 space-bottom-xs\" data-type=\"column\"> <h5  class=\"\">Nassansaat- Anspritzbegr\u00fcnung bzw. Hydroseederssansaat<\/h5> <h2  class=\"\">Die Zukunft wird <br > <span  style=\"font-family: Playfair Display,sans-serif; font-weight: 700; font-style: italic;\" href=\"#\">GR\u00dcN<\/span> \u2013 ganz einfach<\/h2> <p  class=\"\">Die Nassansaat durch Anspritzbegr\u00fcnung ist eine sichere und kostenefffiziente Technik um auch an vegetationsfeindlichen bzw. schwer zug\u00e4nglichen Stellen eine erfolgreiche Begr\u00fcnung vornehmen zu k\u00f6nnen. Sie haben gro\u00dfe Fl\u00e4chen mit starker Neigung , Erosionsgef\u00e4hrdet und einen ehr schwierigen Boden? Dann vereinbaren Sie noch heute einen Besichtigungstermin. Wir beraten Sie gern.<\/p> <\/div> <div  class=\"col-sm-7 flexbox center-xs middle-xs image-group-2-img\"> <img  decoding=\"async\" class=\"img-1 shadow-large\" data-size=\"250x200\" src=\"https:\/\/www.baumunion.de\/wp-content\/uploads\/2022\/02\/cropped-Parklandschaft.jpg\" title=\"Baumpflege\" alt=\"\"> <img  decoding=\"async\" class=\"img-2 shadow-large\" data-size=\"220x170\" src=\"https:\/\/www.baumunion.de\/wp-content\/uploads\/2022\/06\/cropped-cropped-hills-5377429_960_720.webp\" title=\"H\u00fcgel\" alt=\"\"><\/div> <\/div><\/div> <\/div><div  data-label=\"Maschinen\" data-id=\"about--2\" data-export-id=\"about-1\" data-category=\"about\" class=\"about-1 content-section\" id=\"maschinen\" style=\"background-color: rgb(255, 255, 255); background-image: none;\"><div  class=\"gridContainer\"> <div  class=\"row text-center\"><div  class=\"section-title-col\" data-type=\"column\"> <h5  class=\"\">Was uns bewegt<\/h5> <h2  class=\"\">Leistungsstark, Effizient, Kraftvoll <span  href=\"#\" style=\"font-weight: 700; font-family: Playfair Display,sans-serif; font-style: italic;\">\n<br >Der Maschinenpark<\/span> <\/h2> <p  class=\"lead\">Hier bleiben keine W\u00fcnsche offen. Die Gro\u00dfmaschinen zerkleinern Stammholz, Wurzeln, Paletten, Astmaterial, M\u00fcll- und Kunststoffe. Komplettiert wird dieser Prozess durch die Siebmaschine mit 4 Fraktionen.<\/p><\/div> <\/div> <div  class=\"row\"> <div  class=\"button-holder space-bottom space-bottom-small\" data-type=\"column\"> <a  class=\"button color1\" href=\"#\" target=\"_self\" data-cp-link=\"1\" rel=\"noopener\">Mehr erfahren<\/a><\/div> <div  class=\"col-xs bottom-xs flexbox image-group-bottom-3-img space-bottom-xs center-xs\"> <img  decoding=\"async\" class=\"left-img shadow-large-black\" data-size=\"500x300\" src=\"https:\/\/www.baumunion.de\/wp-content\/uploads\/2020\/03\/cropped-Hitachi1-scaled-1.jpg\" alt=\"\" title=\"cropped-Hitachi1-scaled-1.jpg\"> <img  decoding=\"async\" class=\"center-img shadow-large-black\" data-size=\"500x300\" src=\"https:\/\/www.baumunion.de\/wp-content\/uploads\/2020\/03\/cropped-VZ750dk.jpg\" alt=\"\" title=\"cropped-VZ750dk.jpg\"> <img  decoding=\"async\" class=\"right-img shadow-large-black\" data-size=\"500x300\" src=\"https:\/\/www.baumunion.de\/wp-content\/uploads\/2020\/03\/cropped-MultiSreen1.jpg\" alt=\"\" title=\"cropped-MultiSreen1.jpg\"><\/div> <\/div><\/div> <\/div>","protected":false},"excerpt":{"rendered":"<p>BAUFELDBER\u00c4UMUNG PFLEGEN, F\u00c4LLEN, RODEN Holzaufarbeitung zur Energiegewinnung Bewirb dich jetzt bei uns!!! Faire Bezahlung inklusive \u00dcberstunden, 30 Tage Jahresurlaub, tolle Kollegen und eine abwechslungsreiche Arbeit erwarten dich bei uns. Bewirb dich gleich HEUTE \u2014 personal@baumunion.de Garten- Landschaftsbau Baumpfleger\/ Kletterer Baumkontrolleure Tiefbauer Fahrer und Maschinisten LKW- Fahrer C, CE im Werksverkehr Maschinisten f\u00fcr Bagger- Mobil und&hellip; <br \/> <a class=\"read-more\" href=\"https:\/\/www.baumunion.de\/\">Weiterlesen<\/a><\/p>\n","protected":false},"author":2,"featured_media":0,"parent":0,"menu_order":0,"comment_status":"closed","ping_status":"closed","template":"page-templates\/homepage.php","meta":{"footnotes":""},"class_list":["post-15","page","type-page","status-publish","hentry"],"_links":{"self":[{"href":"https:\/\/www.baumunion.de\/index.php?rest_route=\/wp\/v2\/pages\/15","targetHints":{"allow":["GET"]}}],"collection":[{"href":"https:\/\/www.baumunion.de\/index.php?rest_route=\/wp\/v2\/pages"}],"about":[{"href":"https:\/\/www.baumunion.de\/index.php?rest_route=\/wp\/v2\/types\/page"}],"author":[{"embeddable":true,"href":"https:\/\/www.baumunion.de\/index.php?rest_route=\/wp\/v2\/users\/2"}],"replies":[{"embeddable":true,"href":"https:\/\/www.baumunion.de\/index.php?rest_route=%2Fwp%2Fv2%2Fcomments&post=15"}],"version-history":[{"count":58,"href":"https:\/\/www.baumunion.de\/index.php?rest_route=\/wp\/v2\/pages\/15\/revisions"}],"predecessor-version":[{"id":973,"href":"https:\/\/www.baumunion.de\/index.php?rest_route=\/wp\/v2\/pages\/15\/revisions\/973"}],"wp:attachment":[{"href":"https:\/\/www.baumunion.de\/index.php?rest_route=%2Fwp%2Fv2%2Fmedia&parent=15"}],"curies":[{"name":"wp","href":"https:\/\/api.w.org\/{rel}","templated":true}]}}